

{"id":30234,"date":"2020-08-28T15:34:29","date_gmt":"2020-08-28T13:34:29","guid":{"rendered":"https:\/\/mafondue.ch\/produit\/fondue-moitie-moitie-400g\/"},"modified":"2025-11-24T13:07:10","modified_gmt":"2025-11-24T12:07:10","slug":"fondue-moitie-moitie-400g","status":"publish","type":"product","link":"https:\/\/mafondue.ch\/it\/prodotto\/fondue-moitie-moitie-400g\/","title":{"rendered":"Fondue Moiti\u00e9-Moiti\u00e9 de la Gruy\u00e8re | 400g"},"content":{"rendered":"<p><strong>Fondue Moiti\u00e9-Moiti\u00e9 de la Gruy\u00e8re \u2013 400g<br \/>\nper 2 persone <\/strong><\/p>\n<p>L&#8217;autentica fondue di Gruy\u00e8re, una sottile miscela di Gruy\u00e8re AOP e Vacherin Fribourgeois AOP: questi due formaggi garantiscono una consistenza cremosa per una deliziosa fondue dal sapore piccante.<\/p>\n<p><strong>INGREDIENTI:<\/strong><em>Gruy\u00e8re DOP (formaggio grasso a pasta dura prodotto con <strong>LATTE<\/strong> crudo, Svizzera), Vacherin Fribourgeois DOP (formaggio grasso semiduro prodotto con <strong>LATTE<\/strong> termizzato, Svizzera), farina di mais, aglio.<\/em> <em>Prodotto svizzero.<\/em><\/p>\n<p><strong>CONSERVAZIONE:<\/strong> <em>max. +5\u00b0C. Confezionato in atmosfera protettiva. Se congelato (conservare a -18\u00b0C), la data di scadenza \u00e8 prolungata di 6 mesi. Da consumarsi preferibilmente entro ( vedi data sulla confezione ) <\/em><\/p>\n<p><strong>VALORI NUTRITIVI MEDI 100g: <\/strong> <em>Energia 1590Kj (380kcal); Grassi 30g, di cui acidi grassi saturi 18g; Carboidrati 0g, di cui zuccheri 0g; Fibra alimentare 0g; Proteine 28g; Sale 1,5g.<\/em><\/p>\n<p><strong>CONSEGNA E RESTITUZIONE:<\/strong> Le consegne vengono effettuate dalla Posta Svizzera. Cliccare <a>qui<\/a> per vedere i diversi metodi di consegna, i tempi e i costi. Le informazioni contrattuali saranno confermate via e-mail all\u2019indirizzo da voi indicato. Vi preghiamo di controllare tutti i dettagli del vostro ordine. In caso di problemi, vi preghiamo di <a>contattarci<\/a> il prima possibile.<\/p>\n<p>&nbsp;<\/p>\n","protected":false},"excerpt":{"rendered":"<p>Fondue Moiti\u00e9-Moiti\u00e9 de la Gruy\u00e8re 400g<br \/>\nQuesta mezza fonduta \u00e8 il risultato di una sottile miscela di formaggi: Gruy\u00e8re AOP e Vacherin fribourgeois AOP.<\/p>\n<p>Pour <img loading=\"lazy\" decoding=\"async\" src=\"https:\/\/mafondue.ch\/skin\/frontend\/base\/default\/images\/pictoPersonne.png\" width=\"12\" height=\"28\" \/> <img loading=\"lazy\" decoding=\"async\" src=\"https:\/\/mafondue.ch\/skin\/frontend\/base\/default\/images\/pictoPersonne.png\" width=\"12\" height=\"28\" \/> personne(s)<\/p>\n","protected":false},"featured_media":255769,"comment_status":"open","ping_status":"closed","template":"","meta":{"_et_pb_use_builder":"","_et_pb_old_content":"","_et_gb_content_width":""},"product_brand":[],"product_cat":[158,82,222,85,126],"product_tag":[],"class_list":{"0":"post-30234","1":"product","2":"type-product","3":"status-publish","4":"has-post-thumbnail","6":"product_cat-black-friday-it","7":"product_cat-fondue-it","8":"product_cat-fondue-meta-meta-400g","9":"product_cat-fondue-moitie-moitie-it","10":"product_cat-promotion-it","11":"product_shipping_class-produits-it","13":"first","14":"instock","15":"taxable","16":"shipping-taxable","17":"purchasable","18":"product-type-simple"},"_links":{"self":[{"href":"https:\/\/mafondue.ch\/it\/wp-json\/wp\/v2\/product\/30234","targetHints":{"allow":["GET"]}}],"collection":[{"href":"https:\/\/mafondue.ch\/it\/wp-json\/wp\/v2\/product"}],"about":[{"href":"https:\/\/mafondue.ch\/it\/wp-json\/wp\/v2\/types\/product"}],"replies":[{"embeddable":true,"href":"https:\/\/mafondue.ch\/it\/wp-json\/wp\/v2\/comments?post=30234"}],"wp:featuredmedia":[{"embeddable":true,"href":"https:\/\/mafondue.ch\/it\/wp-json\/wp\/v2\/media\/255769"}],"wp:attachment":[{"href":"https:\/\/mafondue.ch\/it\/wp-json\/wp\/v2\/media?parent=30234"}],"wp:term":[{"taxonomy":"product_brand","embeddable":true,"href":"https:\/\/mafondue.ch\/it\/wp-json\/wp\/v2\/product_brand?post=30234"},{"taxonomy":"product_cat","embeddable":true,"href":"https:\/\/mafondue.ch\/it\/wp-json\/wp\/v2\/product_cat?post=30234"},{"taxonomy":"product_tag","embeddable":true,"href":"https:\/\/mafondue.ch\/it\/wp-json\/wp\/v2\/product_tag?post=30234"}],"curies":[{"name":"wp","href":"https:\/\/api.w.org\/{rel}","templated":true}]}}