

{"id":30237,"date":"2020-08-28T15:37:29","date_gmt":"2020-08-28T13:37:29","guid":{"rendered":"https:\/\/mafondue.ch\/produit\/fondue-capra-il-cabriolle-5kg\/"},"modified":"2025-03-11T15:54:57","modified_gmt":"2025-03-11T14:54:57","slug":"fondue-capra-il-cabriolle-5kg","status":"publish","type":"product","link":"https:\/\/mafondue.ch\/it\/prodotto\/fondue-capra-il-cabriolle-5kg\/","title":{"rendered":"Fondue ch\u00e8vre &#8220;La Cabriolle&#8221; (25pers) | 5kg"},"content":{"rendered":"<p><strong>Fonduta Cabriole &#8211; 5 Kg<br \/>\nper 25 persone<\/strong><\/p>\n<p>Una fondue di puro formaggio di capra. Prodotta a Gruy\u00e8re.<br \/>\nMeravigliosamente aromatica e pastosa, dal gusto delicato, la fonduta La Cabriolle du L\u00e9vanchy \u00e8 gustosa e facilmente digeribile. Autentico prodotto tradizionale della regione del Gruy\u00e8re, La Cabriolle du L\u00e9vanchy \u00e8 un accompagnamento delicato per pane, patate e uva fresca. I nostri formaggi di pura capra garantiti sono stagionati esclusivamente per Cabriolle e provengono dall&#8217;alpeggio di L\u00e9vanchy a Grandvillard. Facile da usare, La Cabriolle pu\u00f2 essere preparata in pochi minuti.<\/p>\n<p><strong>INGREDIENTI:<\/strong> Formaggio svizzero di capra a pasta semidura e mediamente grassa, prodotto con <strong>LATTE<\/strong> pastorizzato, acqua, sale di ghisa (E452\/E339\/E331).<\/p>\n<p><strong>STOCCAGGIO<\/strong>: max. +5\u00b0C. Confezionato in atmosfera protettiva. Se congelato (conservare a -18\u00b0C), la data di scadenza \u00e8 prolungata di 6 mesi. Consumare entro (vedi data sulla confezione).<\/p>\n<p>V<strong>ALORI NUTRITIVI MEDI 100G<\/strong>: Energia 1457Kj (350kcal); Grassi 26g, di cui acidi grassi saturi 13g; Carboidrati 16g, di cui zuccheri 2,1g; Fibra alimentare 0g; Proteine 14g; Sale 0,4g.<\/p>\n<p><strong>CONSEGNE E RESTITUZIONI:<\/strong> Le consegne vengono effettuate dalla Posta Svizzera. Cliccate <a href=\"https:\/\/mafondue.ch\/it\/termini-condizioni\/\">qui <\/a> per vedere i diversi metodi di consegna, i tempi e i costi di consegna.  Consegniamo i nostri prodotti solo in Svizzera. Le informazioni contrattuali saranno confermate via e-mail all&#8217;indirizzo da voi indicato. Si prega di controllare tutti i dettagli relativi all&#8217;ordine. In caso di problemi, vi preghiamo di <a href=\"https:\/\/mafondue.ch\/qui-sommes-nous\/\">contattarci<\/a> il prima possibile.   <\/p>\n","protected":false},"excerpt":{"rendered":"<p>Una fondue di puro formaggio di capra. Prodotta a Gruy\u00e8re.<br \/>\nMeravigliosamente aromatica e pastosa, dal sapore delicato, la fonduta La Cabriolle du L\u00e9vanchy \u00e8 gustosa e facilmente digeribile.<br \/>\nAutentica e tradizionale, proveniente dalla regione del Gruy\u00e8re, La Cabriolle du L\u00e9vanchy si abbina con gusto a pane, patate e uva fresca.<\/p>\n<p>per 25 persone<\/p>\n","protected":false},"featured_media":29680,"comment_status":"closed","ping_status":"closed","template":"","meta":{"_et_pb_use_builder":"","_et_pb_old_content":"","_et_gb_content_width":""},"product_brand":[],"product_cat":[82,84],"product_tag":[],"class_list":{"0":"post-30237","1":"product","2":"type-product","3":"status-publish","4":"has-post-thumbnail","6":"product_cat-fondue-it","7":"product_cat-fondue-chevre-it","8":"product_shipping_class-produits-it","10":"first","11":"instock","12":"taxable","13":"shipping-taxable","14":"purchasable","15":"product-type-simple"},"_links":{"self":[{"href":"https:\/\/mafondue.ch\/it\/wp-json\/wp\/v2\/product\/30237","targetHints":{"allow":["GET"]}}],"collection":[{"href":"https:\/\/mafondue.ch\/it\/wp-json\/wp\/v2\/product"}],"about":[{"href":"https:\/\/mafondue.ch\/it\/wp-json\/wp\/v2\/types\/product"}],"replies":[{"embeddable":true,"href":"https:\/\/mafondue.ch\/it\/wp-json\/wp\/v2\/comments?post=30237"}],"wp:featuredmedia":[{"embeddable":true,"href":"https:\/\/mafondue.ch\/it\/wp-json\/wp\/v2\/media\/29680"}],"wp:attachment":[{"href":"https:\/\/mafondue.ch\/it\/wp-json\/wp\/v2\/media?parent=30237"}],"wp:term":[{"taxonomy":"product_brand","embeddable":true,"href":"https:\/\/mafondue.ch\/it\/wp-json\/wp\/v2\/product_brand?post=30237"},{"taxonomy":"product_cat","embeddable":true,"href":"https:\/\/mafondue.ch\/it\/wp-json\/wp\/v2\/product_cat?post=30237"},{"taxonomy":"product_tag","embeddable":true,"href":"https:\/\/mafondue.ch\/it\/wp-json\/wp\/v2\/product_tag?post=30237"}],"curies":[{"name":"wp","href":"https:\/\/api.w.org\/{rel}","templated":true}]}}