

{"id":30251,"date":"2020-08-19T17:25:53","date_gmt":"2020-08-19T15:25:53","guid":{"rendered":"https:\/\/mafondue.ch\/produit\/vacherin-fribourgeois-aop-500g\/"},"modified":"2026-01-23T13:53:55","modified_gmt":"2026-01-23T12:53:55","slug":"vacherin-fribourgeois-aop-500g","status":"publish","type":"product","link":"https:\/\/mafondue.ch\/it\/prodotto\/vacherin-fribourgeois-aop-500g\/","title":{"rendered":"Vacherin Fribourgeois AOP | 500g"},"content":{"rendered":"<p><strong>Vacherin Fribourgeois AOP<\/strong><\/p>\n<p>Il Vacherin Fribourgeois DOP \u00e8 un formaggio a pasta semidura prodotto con latte vaccino, dal carattere rustico e schietto, sottilmente fruttato e profumato. Il colore avorio di questo formaggio \u00e8 unico come il suo gusto e la sua cremosit\u00e0. Formaggio da dessert o da fonduta, il Vacherin Fribourgeois DOP, puro prodotto della terra, \u00e8 un piatto autentico, semplice e conviviale. Il Vacherin Fribourgeois AOP \u00e8 un formaggio DOP prodotto in modo tradizionale e solo nel cantone di Friburgo. Il Vacherin Fribourgeois \u00e8 un formaggio da dessert per eccellenza, molto ricercato per la sua cremosit\u00e0.    <\/p>\n<p><strong>MATURIT\u00c0:<\/strong> un Vacherin Fribourgeois ha bisogno di 3 o 4 mesi per maturare e maturare.<\/p>\n<p><strong>STOCCAGGIO:<\/strong> max. +5\u00b0C. Confezionato in atmosfera protettiva. Se congelato (conservare a -18\u00b0C), la data di scadenza \u00e8 prolungata di 6 mesi. Consumare entro (vedi data sulla confezione).<\/p>\n<p><strong>VALORI NUTRITIVI MEDI 100g:<\/strong> Energia 1520Kj (366kcal); Grassi 30g, di cui acidi grassi saturi 19g; Carboidrati 0g, di cui zuccheri 0g; Fibra alimentare 0g; Proteine 2,4g; Sale 1,5g.<\/p>\n<p><strong>CONSEGNE E RESTITUZIONI:<\/strong> Le consegne vengono effettuate dalla Posta Svizzera. Cliccate qui per vedere i diversi metodi di consegna, i tempi e i costi di consegna. Consegniamo i nostri prodotti solo in Svizzera. Le informazioni contrattuali saranno confermate via e-mail all&#8217;indirizzo da voi indicato. Si prega di controllare tutti i dettagli relativi all&#8217;ordine. In caso di problemi, vi preghiamo di contattarci il prima possibile.<\/p>\n<p><img loading=\"lazy\" decoding=\"async\" class=\"alignnone wp-image-60920\" src=\"https:\/\/mafondue.ch\/wp-content\/uploads\/2020\/08\/logofreelactosenoirblanc-300x300.png\" alt=\"\" width=\"90\" height=\"90\"><\/p>\n","protected":false},"excerpt":{"rendered":"<p>Vacherin Fribourgeois 3 mesi di maturazione<\/p>\n","protected":false},"featured_media":40356,"comment_status":"closed","ping_status":"closed","template":"","meta":{"_et_pb_use_builder":"","_et_pb_old_content":"","_et_gb_content_width":""},"product_brand":[],"product_cat":[87,90],"product_tag":[],"class_list":{"0":"post-30251","1":"product","2":"type-product","3":"status-publish","4":"has-post-thumbnail","6":"product_cat-fromage-it","7":"product_cat-vacherin-it","8":"product_shipping_class-produits-it","10":"first","11":"instock","12":"taxable","13":"shipping-taxable","14":"purchasable","15":"product-type-simple"},"_links":{"self":[{"href":"https:\/\/mafondue.ch\/it\/wp-json\/wp\/v2\/product\/30251","targetHints":{"allow":["GET"]}}],"collection":[{"href":"https:\/\/mafondue.ch\/it\/wp-json\/wp\/v2\/product"}],"about":[{"href":"https:\/\/mafondue.ch\/it\/wp-json\/wp\/v2\/types\/product"}],"replies":[{"embeddable":true,"href":"https:\/\/mafondue.ch\/it\/wp-json\/wp\/v2\/comments?post=30251"}],"wp:featuredmedia":[{"embeddable":true,"href":"https:\/\/mafondue.ch\/it\/wp-json\/wp\/v2\/media\/40356"}],"wp:attachment":[{"href":"https:\/\/mafondue.ch\/it\/wp-json\/wp\/v2\/media?parent=30251"}],"wp:term":[{"taxonomy":"product_brand","embeddable":true,"href":"https:\/\/mafondue.ch\/it\/wp-json\/wp\/v2\/product_brand?post=30251"},{"taxonomy":"product_cat","embeddable":true,"href":"https:\/\/mafondue.ch\/it\/wp-json\/wp\/v2\/product_cat?post=30251"},{"taxonomy":"product_tag","embeddable":true,"href":"https:\/\/mafondue.ch\/it\/wp-json\/wp\/v2\/product_tag?post=30251"}],"curies":[{"name":"wp","href":"https:\/\/api.w.org\/{rel}","templated":true}]}}