

{"id":30266,"date":"2020-08-19T17:21:48","date_gmt":"2020-08-19T15:21:48","guid":{"rendered":"https:\/\/mafondue.ch\/produit\/il-gruyere-aop-dolce-300g\/"},"modified":"2026-01-23T14:07:53","modified_gmt":"2026-01-23T13:07:53","slug":"il-gruyere-aop-dolce-300g","status":"publish","type":"product","link":"https:\/\/mafondue.ch\/it\/prodotto\/il-gruyere-aop-dolce-300g\/","title":{"rendered":"Gruy\u00e8re DOP DOLCE | 300 g"},"content":{"rendered":"<p><strong>Gruy\u00e8re dolce AOP<\/strong><\/p>\n<p>Le Gruy\u00e8re AOP \u00e8 un formaggio a pasta dura con certificazione DOP, prodotto dalla Laiterie D\u00e9forel. Questo formaggio \u00e8 un prodotto regionale svizzero, apprezzato per la sua autenticit\u00e0. Il Gruy\u00e8re \u00e8 un formaggio da dessert dal sapore sottile e aromatico, usato per preparare la fonduta.  <\/p>\n<p><strong>MATURIT\u00c0<\/strong><strong>:<\/strong> per ottenere un Gruy\u00e8re delicato sono necessari 8 mesi di stagionatura e maturazione.<\/p>\n<p><strong>STOCCAGGIO<\/strong>: max. +5\u00b0C. Confezionato in atmosfera protettiva. Se congelato (conservare a -18\u00b0C), la data di scadenza \u00e8 prolungata di 6 mesi. Consumare entro (vedi data sulla confezione).<\/p>\n<p><strong>VALORI NUTRITIVI MEDI 100g<\/strong>: Energia 1690Kj (407kcal); Grassi 33g, di cui acidi grassi saturi 21g; Carboidrati 0,5g, di cui zuccheri 0,1g; Fibre 0g; Proteine 27g; Sale 1,5g.<\/p>\n<p><strong>CONSEGNE E RESTITUZIONI:<\/strong> Le consegne vengono effettuate dalla Posta Svizzera. Cliccate <a href=\"https:\/\/mafondue.ch\/it\/termini-condizioni\/\">qui <\/a> per vedere i diversi metodi di consegna, i tempi e i costi di consegna.  Consegniamo i nostri prodotti solo in Svizzera. Le informazioni contrattuali saranno confermate via e-mail all&#8217;indirizzo da voi indicato. Si prega di controllare tutti i dettagli relativi all&#8217;ordine. In caso di problemi, vi preghiamo di <a href=\"https:\/\/mafondue.ch\/it\/chi-siamo\/\">contattarci<\/a> il prima possibile.   <\/p>\n<p>&nbsp;<\/p>\n","protected":false},"excerpt":{"rendered":"<p>Gruy\u00e8re DOP dolce, circa 300 g.<\/p>\n","protected":false},"featured_media":40347,"comment_status":"closed","ping_status":"closed","template":"","meta":{"_et_pb_use_builder":"","_et_pb_old_content":"","_et_gb_content_width":""},"product_brand":[],"product_cat":[87,88],"product_tag":[],"class_list":{"0":"post-30266","1":"product","2":"type-product","3":"status-publish","4":"has-post-thumbnail","6":"product_cat-fromage-it","7":"product_cat-gruyere-aop-it","8":"product_shipping_class-produits-it","10":"first","11":"instock","12":"taxable","13":"shipping-taxable","14":"purchasable","15":"product-type-simple"},"_links":{"self":[{"href":"https:\/\/mafondue.ch\/it\/wp-json\/wp\/v2\/product\/30266","targetHints":{"allow":["GET"]}}],"collection":[{"href":"https:\/\/mafondue.ch\/it\/wp-json\/wp\/v2\/product"}],"about":[{"href":"https:\/\/mafondue.ch\/it\/wp-json\/wp\/v2\/types\/product"}],"replies":[{"embeddable":true,"href":"https:\/\/mafondue.ch\/it\/wp-json\/wp\/v2\/comments?post=30266"}],"wp:featuredmedia":[{"embeddable":true,"href":"https:\/\/mafondue.ch\/it\/wp-json\/wp\/v2\/media\/40347"}],"wp:attachment":[{"href":"https:\/\/mafondue.ch\/it\/wp-json\/wp\/v2\/media?parent=30266"}],"wp:term":[{"taxonomy":"product_brand","embeddable":true,"href":"https:\/\/mafondue.ch\/it\/wp-json\/wp\/v2\/product_brand?post=30266"},{"taxonomy":"product_cat","embeddable":true,"href":"https:\/\/mafondue.ch\/it\/wp-json\/wp\/v2\/product_cat?post=30266"},{"taxonomy":"product_tag","embeddable":true,"href":"https:\/\/mafondue.ch\/it\/wp-json\/wp\/v2\/product_tag?post=30266"}],"curies":[{"name":"wp","href":"https:\/\/api.w.org\/{rel}","templated":true}]}}