

{"id":30330,"date":"2020-08-28T15:55:55","date_gmt":"2020-08-28T13:55:55","guid":{"rendered":"https:\/\/mafondue.ch\/produit\/fornello-stockli\/"},"modified":"2025-03-11T15:50:08","modified_gmt":"2025-03-11T14:50:08","slug":"fornello-stockli","status":"publish","type":"product","link":"https:\/\/mafondue.ch\/it\/prodotto\/fornello-stockli\/","title":{"rendered":"Stufa &#8220;St\u00f6ckli&#8221;"},"content":{"rendered":"<p><strong>R\u00e9chaud &#8220;St\u00f6chli&#8221; <\/strong><\/p>\n<p>Utilizzando alcolici metilati, questo fornello mantiene la fondue perfetta per tutta la durata del pasto. La migliore stufa esistente.<\/p>\n<p><strong>CONSEGNE E RESTITUZIONI:<\/strong> Le consegne vengono effettuate dalla Posta Svizzera. Cliccate <a href=\"https:\/\/mafondue.ch\/it\/termini-condizioni\/\">qui <\/a> per vedere i diversi metodi di consegna, i tempi e i costi di consegna.  Consegniamo i nostri prodotti solo in Svizzera. Le informazioni contrattuali saranno confermate via e-mail all&#8217;indirizzo da voi indicato. Si prega di controllare tutti i dettagli relativi all&#8217;ordine. In caso di problemi, vi preghiamo di <a href=\"https:\/\/mafondue.ch\/qui-sommes-nous\/\">contattarci<\/a> il prima possibile.   <\/p>\n","protected":false},"excerpt":{"rendered":"<p>Con alcol metilico. La migliore stufa esistente.<\/p>\n","protected":false},"featured_media":35495,"comment_status":"closed","ping_status":"closed","template":"","meta":{"_et_pb_use_builder":"","_et_pb_old_content":"","_et_gb_content_width":""},"product_brand":[],"product_cat":[75,74],"product_tag":[],"class_list":{"0":"post-30330","1":"product","2":"type-product","3":"status-publish","4":"has-post-thumbnail","6":"product_cat-accessoire-it-2","7":"product_cat-accessoire-it","8":"product_shipping_class-produits-it","10":"first","11":"instock","12":"taxable","13":"shipping-taxable","14":"purchasable","15":"product-type-simple"},"_links":{"self":[{"href":"https:\/\/mafondue.ch\/it\/wp-json\/wp\/v2\/product\/30330","targetHints":{"allow":["GET"]}}],"collection":[{"href":"https:\/\/mafondue.ch\/it\/wp-json\/wp\/v2\/product"}],"about":[{"href":"https:\/\/mafondue.ch\/it\/wp-json\/wp\/v2\/types\/product"}],"replies":[{"embeddable":true,"href":"https:\/\/mafondue.ch\/it\/wp-json\/wp\/v2\/comments?post=30330"}],"wp:featuredmedia":[{"embeddable":true,"href":"https:\/\/mafondue.ch\/it\/wp-json\/wp\/v2\/media\/35495"}],"wp:attachment":[{"href":"https:\/\/mafondue.ch\/it\/wp-json\/wp\/v2\/media?parent=30330"}],"wp:term":[{"taxonomy":"product_brand","embeddable":true,"href":"https:\/\/mafondue.ch\/it\/wp-json\/wp\/v2\/product_brand?post=30330"},{"taxonomy":"product_cat","embeddable":true,"href":"https:\/\/mafondue.ch\/it\/wp-json\/wp\/v2\/product_cat?post=30330"},{"taxonomy":"product_tag","embeddable":true,"href":"https:\/\/mafondue.ch\/it\/wp-json\/wp\/v2\/product_tag?post=30330"}],"curies":[{"name":"wp","href":"https:\/\/api.w.org\/{rel}","templated":true}]}}