

{"id":62742,"date":"2022-09-12T11:15:39","date_gmt":"2022-09-12T09:15:41","guid":{"rendered":"https:\/\/mafondue.ch\/?post_type=product&#038;p=62742"},"modified":"2025-03-11T13:52:23","modified_gmt":"2025-03-11T12:52:23","slug":"fondue-aurelien","status":"publish","type":"product","link":"https:\/\/mafondue.ch\/it\/prodotto\/fondue-aurelien\/","title":{"rendered":"Fondue Aur\u00e9lien | 400g"},"content":{"rendered":"<p><strong>Fonduta svizzera met\u00e0 e met\u00e0 &#8211; 400g<br \/>\nDosi per 2 persone <\/strong><\/p>\n<p>Ciao, sono Aurel.<br \/>\nSono uno sciatore freestyle e oggi ho bisogno del vostro aiuto per affrontare le prossime stagioni!<br \/>\nCon l&#8217;aiuto di una grande squadra, abbiamo creato questa fonduta speciale con formaggi a mia scelta, perch\u00e9 io amo la fonduta.<br \/>\nQuindi, buon appetito. Non dimenticate il pane e spargete la voce se vi \u00e8 piaciuta.<br \/>\nGrazie e a presto sugli sci. <\/p>\n<p><strong>IINGREDIENTI:<\/strong> 49% formaggio a pasta dura prodotto con <strong>LATTE<\/strong> crudo (Svizzera), 49% formaggio semiduro intero prodotto con <strong>LATTE<\/strong> termizzato (Svizzera), 2% farina di mais e aglio.<\/p>\n<p><strong>STOCCAGGIO<\/strong>: max. +5\u00b0C. Confezionato in atmosfera protettiva. Se congelato (conservare a -18\u00b0C), la data di scadenza \u00e8 prolungata di 6 mesi. Consumare entro (vedi data sulla confezione).<\/p>\n<p><strong>VALORI NUTRITIVI MEDI 100g<\/strong>: Energia 1590Kj (380kcal); Grassi 30g, di cui acidi grassi saturi 18g; Carboidrati 0g, di cui zuccheri 0g; Fibra alimentare 0g; Proteine 28g; Sale 1,5g.<\/p>\n<p><strong>CONSEGNE E RESTITUZIONI:<\/strong> Le consegne vengono effettuate dalla Posta Svizzera. Cliccate <a href=\"https:\/\/mafondue.ch\/it\/termini-condizioni\/\">qui <\/a> per vedere i diversi metodi di consegna, i tempi e i costi di consegna.  Consegniamo i nostri prodotti solo in Svizzera. Le informazioni contrattuali saranno confermate via e-mail all&#8217;indirizzo da voi indicato. Si prega di controllare tutti i dettagli relativi all&#8217;ordine. In caso di problemi, vi preghiamo di <a href=\"https:\/\/mafondue.ch\/qui-sommes-nous\/\">contattarci<\/a> il prima possibile.   <\/p>\n<p>&nbsp;<\/p>\n","protected":false},"excerpt":{"rendered":"<p>Preparazione del formaggio<br \/>\nPer <img loading=\"lazy\" decoding=\"async\" src=\"https:\/\/mafondue.ch\/skin\/frontend\/base\/default\/images\/pictoPersonne.png\" width=\"12\" height=\"28\"> <img loading=\"lazy\" decoding=\"async\" src=\"https:\/\/mafondue.ch\/skin\/frontend\/base\/default\/images\/pictoPersonne.png\" width=\"12\" height=\"28\"> persone<\/p>\n","protected":false},"featured_media":62739,"comment_status":"closed","ping_status":"closed","template":"","meta":{"_et_pb_use_builder":"","_et_pb_old_content":"","_et_gb_content_width":""},"product_brand":[],"product_cat":[77,82,85],"product_tag":[],"class_list":{"0":"post-62742","1":"product","2":"type-product","3":"status-publish","4":"has-post-thumbnail","6":"product_cat-collection-it","7":"product_cat-fondue-it","8":"product_cat-fondue-moitie-moitie-it","9":"product_shipping_class-produits-it","11":"first","12":"instock","13":"taxable","14":"shipping-taxable","15":"purchasable","16":"product-type-simple"},"_links":{"self":[{"href":"https:\/\/mafondue.ch\/it\/wp-json\/wp\/v2\/product\/62742","targetHints":{"allow":["GET"]}}],"collection":[{"href":"https:\/\/mafondue.ch\/it\/wp-json\/wp\/v2\/product"}],"about":[{"href":"https:\/\/mafondue.ch\/it\/wp-json\/wp\/v2\/types\/product"}],"replies":[{"embeddable":true,"href":"https:\/\/mafondue.ch\/it\/wp-json\/wp\/v2\/comments?post=62742"}],"wp:featuredmedia":[{"embeddable":true,"href":"https:\/\/mafondue.ch\/it\/wp-json\/wp\/v2\/media\/62739"}],"wp:attachment":[{"href":"https:\/\/mafondue.ch\/it\/wp-json\/wp\/v2\/media?parent=62742"}],"wp:term":[{"taxonomy":"product_brand","embeddable":true,"href":"https:\/\/mafondue.ch\/it\/wp-json\/wp\/v2\/product_brand?post=62742"},{"taxonomy":"product_cat","embeddable":true,"href":"https:\/\/mafondue.ch\/it\/wp-json\/wp\/v2\/product_cat?post=62742"},{"taxonomy":"product_tag","embeddable":true,"href":"https:\/\/mafondue.ch\/it\/wp-json\/wp\/v2\/product_tag?post=62742"}],"curies":[{"name":"wp","href":"https:\/\/api.w.org\/{rel}","templated":true}]}}