

{"id":235685,"date":"2023-07-17T11:47:23","date_gmt":"2023-07-17T09:47:23","guid":{"rendered":"https:\/\/mafondue.ch\/recept-za-fondue\/"},"modified":"2024-04-16T19:07:11","modified_gmt":"2024-04-16T17:07:11","slug":"recept-za-fondue","status":"publish","type":"page","link":"https:\/\/mafondue.ch\/sr\/recept-za-fondue\/","title":{"rendered":"Recept za fondue"},"content":{"rendered":"<p>[et_pb_section fb_built=&#8220;1&#8243; module_class=&#8220;light-section poya-black&#8220; _builder_version=&#8220;4.16&#8243; _module_preset=&#8220;default&#8220; custom_margin=&#8220;||||false|false&#8220; global_colors_info=&#8220;{}&#8220;][et_pb_row column_structure=&#8220;3_5,2_5&#8243; _builder_version=&#8220;4.16&#8243; _module_preset=&#8220;default&#8220; custom_padding=&#8220;||106px|||&#8220; global_colors_info=&#8220;{}&#8220;][et_pb_column type=&#8220;3_5&#8243; _builder_version=&#8220;4.16&#8243; _module_preset=&#8220;default&#8220; global_colors_info=&#8220;{}&#8220;][et_pb_text _builder_version=&#8220;4.19.5&#8243; _module_preset=&#8220;default&#8220; text_font=&#8220;long-weekend||||||||&#8220; custom_padding=&#8220;||0px|||&#8220; global_colors_info=&#8220;{}&#8220;]<\/p>\n<h2 style=\"color: #000000; font-family: long-weekend;\">Koraci za savr\u0161enu fondi<\/h2>\n<p>[\/et_pb_text][et_pb_text _builder_version=&#8220;4.21.0&#8243; _module_preset=&#8220;default&#8220; custom_padding=&#8220;||0px|||&#8220; global_colors_info=&#8220;{}&#8220;]<\/p>\n<table style=\"width: 100%; border-collapse: collapse; border-style: none; margin-left: auto; margin-right: auto; font-size: 15pt;\">\n<tbody>\n<tr>\n<td style=\"width: 425.5px;\"><span style=\"vertical-align: middle; color: #333333;\"><img loading=\"lazy\" decoding=\"async\" class=\"wp-image-67236 alignnone size-full\" src=\"https:\/\/mafondue.ch\/wp-content\/uploads\/2023\/02\/Icon_cheese.png\" alt=\"\" width=\"64\" height=\"64\" \/><\/span><strong style=\"font-family: inherit; font-size: inherit;\">400g<\/strong> sira<\/td>\n<td style=\"width: 425.5px;\"><span style=\"vertical-align: middle; color: #333333;\"><img loading=\"lazy\" decoding=\"async\" class=\"wp-image-67232 alignnone size-full\" src=\"https:\/\/mafondue.ch\/wp-content\/uploads\/2023\/02\/Icon_bottle.png\" alt=\"\" width=\"64\" height=\"64\" \/><\/span><span style=\"color: #333333;\"><strong>1.2 do 1.5 dl<\/strong> belog vina<\/span><\/td>\n<\/tr>\n<\/tbody>\n<\/table>\n<p>[\/et_pb_text][et_pb_text _builder_version=&#8220;4.19.5&#8243; _module_preset=&#8220;default&#8220; text_font=&#8220;long-weekend||||||||&#8220; custom_margin=&#8220;||-4px|||&#8220; global_colors_info=&#8220;{}&#8220;]<\/p>\n<h3 style=\"font-family: long-weekend; color: black;\">Evo kako to uraditi<\/h3>\n<p>[\/et_pb_text][et_pb_text _builder_version=&#8220;4.21.0&#8243; _module_preset=&#8220;default&#8220; custom_padding=&#8220;||0px|||&#8220; hover_enabled=&#8220;0&#8243; global_colors_info=&#8220;{}&#8220; sticky_enabled=&#8220;0&#8243;]<\/p>\n<ol style=\"font-size: 15pt;\">\n<li><span style=\"color: #333333;\">Prokuvajte belo vino u svojoj posudi za fondi. <\/span><\/li>\n<li><span style=\"color: #333333;\">Dodajte 400g sira. <\/span><\/li>\n<li><span style=\"color: #333333;\">Neprestano me\u0161ajte. Po \u017eelji, mo\u017eete dodati malo bibera. <\/span><\/li>\n<li><span style=\"color: #333333;\">Stavite svoju posudu za fondi na re\u0161o, kako bi va\u0161a fondi ostala kremasta i ukusna. <\/span><\/li>\n<li><span style=\"color: #333333;\">I dobar tek!\u00a0\ud83d\ude0a <\/span><\/li>\n<\/ol>\n<p>[\/et_pb_text][et_pb_image src=&#8220;https:\/\/mafondue.ch\/wp-content\/uploads\/2024\/04\/mafondue-shema-recette-fondue-h.svg&#8220; title_text=&#8220;Mafondue-shema-recette-fondue-H&#8220; _builder_version=&#8220;4.24.3&#8243; _module_preset=&#8220;default&#8220; hover_enabled=&#8220;0&#8243; locked=&#8220;off&#8220; global_colors_info=&#8220;{}&#8220; sticky_enabled=&#8220;0&#8243;][\/et_pb_image][\/et_pb_column][et_pb_column type=&#8220;2_5&#8243; _builder_version=&#8220;4.16&#8243; _module_preset=&#8220;default&#8220; global_colors_info=&#8220;{}&#8220;][et_pb_video src=&#8220;https:\/\/mafondue.ch\/wp-content\/uploads\/2023\/02\/Recette_2_LOW.mp4&#8243; _builder_version=&#8220;4.19.5&#8243; _module_preset=&#8220;default&#8220; global_colors_info=&#8220;{}&#8220;][\/et_pb_video][\/et_pb_column][\/et_pb_row][\/et_pb_section][et_pb_section fb_built=&#8220;1&#8243; module_class=&#8220;dark-section  poya-white&#8220; _builder_version=&#8220;4.16&#8243; _module_preset=&#8220;default&#8220; background_color=&#8220;#2d2e2f&#8220; global_colors_info=&#8220;{}&#8220;][et_pb_row column_structure=&#8220;1_2,1_2&#8243; _builder_version=&#8220;4.16&#8243; _module_preset=&#8220;default&#8220; link_option_url=&#8220;https:\/\/mafondue.ch\/collection-raclette\/&#8220; global_colors_info=&#8220;{}&#8220;][et_pb_column type=&#8220;1_2&#8243; _builder_version=&#8220;4.16&#8243; _module_preset=&#8220;default&#8220; global_colors_info=&#8220;{}&#8220;][et_pb_image src=&#8220;https:\/\/mafondue.ch\/wp-content\/uploads\/2021\/01\/Caquelon-Fondue.png&#8220; alt=&#8220;Na\u0161a fondi&#8220; title_text=&#8220;Caquelon-Fondue&#8220; _builder_version=&#8220;4.19.4&#8243; _module_preset=&#8220;default&#8220; custom_margin=&#8220;-113px||||false|false&#8220; custom_margin_tablet=&#8220;0px||||false|false&#8220; custom_margin_phone=&#8220;&#8220; custom_margin_last_edited=&#8220;on|tablet&#8220; custom_padding=&#8220;||0px|||&#8220; global_colors_info=&#8220;{}&#8220;][\/et_pb_image][\/et_pb_column][et_pb_column type=&#8220;1_2&#8243; _builder_version=&#8220;4.16&#8243; _module_preset=&#8220;default&#8220; global_colors_info=&#8220;{}&#8220;][et_pb_text _builder_version=&#8220;4.16&#8243; _module_preset=&#8220;default&#8220; global_colors_info=&#8220;{}&#8220;]<\/p>\n<h2>Svi smo ludi za <strong>FONDUE<\/strong><\/h2>\n<p>[\/et_pb_text][et_pb_text _builder_version=&#8220;4.19.1&#8243; _module_preset=&#8220;default&#8220; global_colors_info=&#8220;{}&#8220;]<\/p>\n<p><a class=\"custom-link\" href=\"https:\/\/mafondue.ch\/fondue\/\">Saznajte vi\u0161e &gt;<\/a><\/p>\n<p>[\/et_pb_text][\/et_pb_column][\/et_pb_row][\/et_pb_section][et_pb_section fb_built=&#8220;1&#8243; module_class=&#8220;light-section poya-black&#8220; _builder_version=&#8220;4.16&#8243; _module_preset=&#8220;default&#8220; global_colors_info=&#8220;{}&#8220;][et_pb_row column_structure=&#8220;1_2,1_2&#8243; _builder_version=&#8220;4.16&#8243; _module_preset=&#8220;default&#8220; link_option_url=&#8220;https:\/\/mafondue.ch\/collection-fondue\/&#8220; global_colors_info=&#8220;{}&#8220;][et_pb_column type=&#8220;1_2&#8243; _builder_version=&#8220;4.16&#8243; _module_preset=&#8220;default&#8220; global_colors_info=&#8220;{}&#8220;][et_pb_text _builder_version=&#8220;4.16&#8243; _module_preset=&#8220;default&#8220; global_colors_info=&#8220;{}&#8220;]<\/p>\n<h2>Nema problema! U\u017eivajte u ve\u010deri sa <strong> racletteom<\/strong><\/h2>\n<p>[\/et_pb_text][et_pb_text _builder_version=&#8220;4.19.5&#8243; _module_preset=&#8220;default&#8220; min_height=&#8220;21px&#8220; global_colors_info=&#8220;{}&#8220;]<\/p>\n<p><a class=\"custom-link\" href=\"https:\/\/mafondue.ch\/raclette\/\">Saznajte vi\u0161e &gt;<\/a><\/p>\n<p>[\/et_pb_text][\/et_pb_column][et_pb_column type=&#8220;1_2&#8243; _builder_version=&#8220;4.16&#8243; _module_preset=&#8220;default&#8220; global_colors_info=&#8220;{}&#8220;][et_pb_image src=&#8220;https:\/\/mafondue.ch\/wp-content\/uploads\/2020\/08\/raclette.png&#8220; title_text=&#8220;racletteom&#8220; _builder_version=&#8220;4.16&#8243; _module_preset=&#8220;default&#8220; custom_margin=&#8220;-50px||||false|false&#8220; custom_margin_tablet=&#8220;0px||||false|false&#8220; custom_margin_phone=&#8220;&#8220; custom_margin_last_edited=&#8220;on|tablet&#8220; global_colors_info=&#8220;{}&#8220;][\/et_pb_image][\/et_pb_column][\/et_pb_row][\/et_pb_section]<\/p>\n","protected":false},"excerpt":{"rendered":"<p>Koraci za savr\u0161enu fondi 400g sira 1.2 do 1.5 dl belog vina Evo kako to uraditi Prokuvajte belo vino u svojoj posudi za fondi. Dodajte 400g sira. Neprestano me\u0161ajte. Po \u017eelji, mo\u017eete dodati malo bibera. Stavite svoju posudu za fondi na re\u0161o, kako bi va\u0161a fondi ostala kremasta i ukusna. I dobar tek!\u00a0\ud83d\ude0a Svi smo [&hellip;]<\/p>\n","protected":false},"author":12027,"featured_media":0,"parent":0,"menu_order":0,"comment_status":"closed","ping_status":"closed","template":"","meta":{"_et_pb_use_builder":"on","_et_pb_old_content":"","_et_gb_content_width":"","footnotes":""},"class_list":["post-235685","page","type-page","status-publish","hentry"],"_links":{"self":[{"href":"https:\/\/mafondue.ch\/sr\/wp-json\/wp\/v2\/pages\/235685","targetHints":{"allow":["GET"]}}],"collection":[{"href":"https:\/\/mafondue.ch\/sr\/wp-json\/wp\/v2\/pages"}],"about":[{"href":"https:\/\/mafondue.ch\/sr\/wp-json\/wp\/v2\/types\/page"}],"author":[{"embeddable":true,"href":"https:\/\/mafondue.ch\/sr\/wp-json\/wp\/v2\/users\/12027"}],"replies":[{"embeddable":true,"href":"https:\/\/mafondue.ch\/sr\/wp-json\/wp\/v2\/comments?post=235685"}],"version-history":[{"count":3,"href":"https:\/\/mafondue.ch\/sr\/wp-json\/wp\/v2\/pages\/235685\/revisions"}],"predecessor-version":[{"id":243259,"href":"https:\/\/mafondue.ch\/sr\/wp-json\/wp\/v2\/pages\/235685\/revisions\/243259"}],"wp:attachment":[{"href":"https:\/\/mafondue.ch\/sr\/wp-json\/wp\/v2\/media?parent=235685"}],"curies":[{"name":"wp","href":"https:\/\/api.w.org\/{rel}","templated":true}]}}